{"id":477,"date":"2019-07-02T19:47:17","date_gmt":"2019-07-02T22:47:17","guid":{"rendered":"https:\/\/www.fabrifacil.com.br\/?page_id=477"},"modified":"2024-09-23T11:47:18","modified_gmt":"2024-09-23T14:47:18","slug":"empresa","status":"publish","type":"page","link":"https:\/\/www.fabrifacil.com.br\/site\/empresa\/","title":{"rendered":"Empresa"},"content":{"rendered":"\n<blockquote class=\"wp-block-quote has-text-align-center\"><p> Para sua comodidade, voc\u00ea pode carregar o seu cart\u00e3o on-line.<strong><em> Fa\u00e7a sua recarga <a href=\"http:\/\/191.242.202.32:8020\/wbc-st5\">aqui<\/a><a href=\"http:\/\/191.242.203.32:8130\/wbc-st5\/login.faces\">&#8230;<\/a><\/em><\/strong><\/p><\/blockquote>\n\n\n\n<div class=\"wp-block-image\"><figure class=\"aligncenter\"><a href=\"http:\/\/191.242.202.32:8020\/wbc-st5\/login.faces\"><img src=\"https:\/\/www.fabrifacil.com.br\/wp-content\/uploads\/2019\/07\/banner_bilhetagem.png\" alt=\"\"\/><\/a><\/figure><\/div>\n\n\n\n<p><\/p>\n","protected":false},"excerpt":{"rendered":"<p>Para sua comodidade, voc\u00ea pode carregar o seu cart\u00e3o on-line. Fa\u00e7a sua recarga aqui&#8230;<\/p>\n","protected":false},"author":1,"featured_media":0,"parent":0,"menu_order":0,"comment_status":"closed","ping_status":"closed","template":"","meta":[],"_links":{"self":[{"href":"https:\/\/www.fabrifacil.com.br\/site\/wp-json\/wp\/v2\/pages\/477"}],"collection":[{"href":"https:\/\/www.fabrifacil.com.br\/site\/wp-json\/wp\/v2\/pages"}],"about":[{"href":"https:\/\/www.fabrifacil.com.br\/site\/wp-json\/wp\/v2\/types\/page"}],"author":[{"embeddable":true,"href":"https:\/\/www.fabrifacil.com.br\/site\/wp-json\/wp\/v2\/users\/1"}],"replies":[{"embeddable":true,"href":"https:\/\/www.fabrifacil.com.br\/site\/wp-json\/wp\/v2\/comments?post=477"}],"version-history":[{"count":41,"href":"https:\/\/www.fabrifacil.com.br\/site\/wp-json\/wp\/v2\/pages\/477\/revisions"}],"predecessor-version":[{"id":854,"href":"https:\/\/www.fabrifacil.com.br\/site\/wp-json\/wp\/v2\/pages\/477\/revisions\/854"}],"wp:attachment":[{"href":"https:\/\/www.fabrifacil.com.br\/site\/wp-json\/wp\/v2\/media?parent=477"}],"curies":[{"name":"wp","href":"https:\/\/api.w.org\/{rel}","templated":true}]}}