{"id":661,"date":"2019-07-11T20:57:05","date_gmt":"2019-07-11T23:57:05","guid":{"rendered":"https:\/\/www.fabrifacil.com.br\/?page_id=661"},"modified":"2019-07-12T18:58:44","modified_gmt":"2019-07-12T21:58:44","slug":"contatos","status":"publish","type":"page","link":"https:\/\/www.fabrifacil.com.br\/site\/contatos\/","title":{"rendered":"Contatos"},"content":{"rendered":"\n<h2>Posto de Venda: (31)3841-0957<\/h2>\n\n\n\n<h4>Informa\u00e7\u00f5es:<\/h4>\n\n\n\n<h4>Venda de Vale Transportes<\/h4>\n\n\n\n<hr class=\"wp-block-separator\"\/>\n\n\n\n<h2>Transportes: (31) 3849-3229<\/h2>\n\n\n\n<h4>Informa\u00e7\u00f5es:<\/h4>\n\n\n\n<h4>Linhas &#8211; Hor\u00e1rios e Itiner\u00e1rios<\/h4>\n","protected":false},"excerpt":{"rendered":"<p>Posto de Venda: (31)3841-0957 Informa\u00e7\u00f5es: Venda de Vale Transportes Transportes: (31) 3849-3229 Informa\u00e7\u00f5es: Linhas &#8211; Hor\u00e1rios e Itiner\u00e1rios<\/p>\n","protected":false},"author":1,"featured_media":0,"parent":0,"menu_order":0,"comment_status":"closed","ping_status":"closed","template":"","meta":[],"_links":{"self":[{"href":"https:\/\/www.fabrifacil.com.br\/site\/wp-json\/wp\/v2\/pages\/661"}],"collection":[{"href":"https:\/\/www.fabrifacil.com.br\/site\/wp-json\/wp\/v2\/pages"}],"about":[{"href":"https:\/\/www.fabrifacil.com.br\/site\/wp-json\/wp\/v2\/types\/page"}],"author":[{"embeddable":true,"href":"https:\/\/www.fabrifacil.com.br\/site\/wp-json\/wp\/v2\/users\/1"}],"replies":[{"embeddable":true,"href":"https:\/\/www.fabrifacil.com.br\/site\/wp-json\/wp\/v2\/comments?post=661"}],"version-history":[{"count":8,"href":"https:\/\/www.fabrifacil.com.br\/site\/wp-json\/wp\/v2\/pages\/661\/revisions"}],"predecessor-version":[{"id":689,"href":"https:\/\/www.fabrifacil.com.br\/site\/wp-json\/wp\/v2\/pages\/661\/revisions\/689"}],"wp:attachment":[{"href":"https:\/\/www.fabrifacil.com.br\/site\/wp-json\/wp\/v2\/media?parent=661"}],"curies":[{"name":"wp","href":"https:\/\/api.w.org\/{rel}","templated":true}]}}