{"id":676,"date":"2019-07-11T21:45:45","date_gmt":"2019-07-12T00:45:45","guid":{"rendered":"https:\/\/www.fabrifacil.com.br\/?page_id=676"},"modified":"2024-09-23T11:48:12","modified_gmt":"2024-09-23T14:48:12","slug":"pessoa-fisica","status":"publish","type":"page","link":"https:\/\/www.fabrifacil.com.br\/site\/pessoa-fisica\/","title":{"rendered":"Pessoa Fisica"},"content":{"rendered":"\n<blockquote class=\"wp-block-quote has-text-align-center\"><p>  Para sua comodidade, voc\u00ea pode carregar o seu cart\u00e3o on-line. <em><strong>Fa\u00e7a sua recarga <a href=\"http:\/\/191.242.202.32:8020\/wbc-st5\">aqui\u2026<\/a><\/strong><\/em>  <\/p><\/blockquote>\n\n\n\n<div class=\"wp-block-image\"><figure class=\"aligncenter\"><figure><figure><figure><figure><a href=\"http:\/\/191.242.202.32:8020\/wbc-st5\/login.faces\"><img src=\"https:\/\/www.fabrifacil.com.br\/wp-content\/uploads\/2019\/07\/banner_bilhetagem.png\" alt=\"\"><\/a><\/figure><\/figure><\/figure><\/figure><\/figure><\/div>\n\n\n\n<p><\/p>\n","protected":false},"excerpt":{"rendered":"<p>Para sua comodidade, voc\u00ea pode carregar o seu cart\u00e3o on-line. Fa\u00e7a sua recarga aqui\u2026<\/p>\n","protected":false},"author":1,"featured_media":0,"parent":0,"menu_order":0,"comment_status":"closed","ping_status":"closed","template":"","meta":[],"_links":{"self":[{"href":"https:\/\/www.fabrifacil.com.br\/site\/wp-json\/wp\/v2\/pages\/676"}],"collection":[{"href":"https:\/\/www.fabrifacil.com.br\/site\/wp-json\/wp\/v2\/pages"}],"about":[{"href":"https:\/\/www.fabrifacil.com.br\/site\/wp-json\/wp\/v2\/types\/page"}],"author":[{"embeddable":true,"href":"https:\/\/www.fabrifacil.com.br\/site\/wp-json\/wp\/v2\/users\/1"}],"replies":[{"embeddable":true,"href":"https:\/\/www.fabrifacil.com.br\/site\/wp-json\/wp\/v2\/comments?post=676"}],"version-history":[{"count":14,"href":"https:\/\/www.fabrifacil.com.br\/site\/wp-json\/wp\/v2\/pages\/676\/revisions"}],"predecessor-version":[{"id":855,"href":"https:\/\/www.fabrifacil.com.br\/site\/wp-json\/wp\/v2\/pages\/676\/revisions\/855"}],"wp:attachment":[{"href":"https:\/\/www.fabrifacil.com.br\/site\/wp-json\/wp\/v2\/media?parent=676"}],"curies":[{"name":"wp","href":"https:\/\/api.w.org\/{rel}","templated":true}]}}